{"id":1202,"date":"2016-09-05T20:01:09","date_gmt":"2016-09-05T20:01:09","guid":{"rendered":"http:\/\/demos.famethemes.com\/screenr\/?page_id=15"},"modified":"2024-05-24T17:50:28","modified_gmt":"2024-05-24T17:50:28","slug":"bogate-menu","status":"publish","type":"page","link":"https:\/\/pizzeria-milicz.pl\/index.php\/bogate-menu\/","title":{"rendered":"Bogate menu"},"content":{"rendered":"<div class=\"wpb-content-wrapper\"><p>[vc_row][vc_column][vc_text_separator title=&#8221;Menu pizza&#8221; title_align=&#8221;separator_align_left&#8221; align=&#8221;align_left&#8221;][\/vc_column][\/vc_row][vc_row][vc_column][vc_single_image image=&#8221;1260&#8243; img_size=&#8221;full&#8221; alignment=&#8221;center&#8221;][vc_btn title=&#8221;POBIERZ MENU PIZZY&#8221; color=&#8221;danger&#8221; link=&#8221;url:http%3A%2F%2Fpizzeria-milicz.pl%2Fwp-content%2Fuploads%2F2024%2F05%2Fmenu_pizza_2024-scaled.jpg||target:%20_blank|&#8221;][\/vc_column][\/vc_row][vc_row][vc_column][vc_column_text]<strong>1. Margharita<\/strong> &#8211; sos pomidorowy, ser, oregano <strong>| MA\u0141A: 22 z\u0142 DU\u017bA: 35 z\u0142<\/strong><\/p>\n<p><strong>2. Ulubiona<\/strong> &#8211; sos pomidorowy, ser, szpinak, mascarpone, jalapeno, boczek, oregano <strong>| MA\u0141A: 35 z\u0142 DU\u017bA: 60 z\u0142<\/strong><\/p>\n<p><strong>3. Ja\u015b i Ma\u0142gosia<\/strong> &#8211; sos pomidorowy, ser, 1\/2 salami, boczek, cebula, 1\/2 kurczak, kukurydza, papryka, oregano <strong>| MA\u0141A: 30 z\u0142 DU\u017bA: 55 z\u0142<\/strong><\/p>\n<p><strong>4. Capri<\/strong> &#8211; sos pomidorowy, ser, pieczarki, szynka, kukurydza, oregano <strong>| MA\u0141A: 29 z\u0142 DU\u017bA: 50 z\u0142<\/strong><\/p>\n<p><strong>5. Pizza Kebab<\/strong> &#8211; sos pomidorowy, ser, gyros z kurczaka, og\u00f3rek, pomidor, kukurydza, cebula, oregano <strong>| MA\u0141A: 35 z\u0142 DU\u017bA: 62 z\u0142<\/strong><\/p>\n<p><strong>6. Parma<\/strong> &#8211; sos pomidorowy, ser, szynka dojrzewaj\u0105ca, pomidorki cherry, rucola, oregano <strong>| MA\u0141A: 34 z\u0142 DU\u017bA: 60 z\u0142<\/strong><\/p>\n<p><strong>7. Hawajska<\/strong> &#8211; sos pomidorowy, ser, szynka, ananas, oregano <strong>| MA\u0141A: 27 z\u0142 DU\u017bA: 46 z\u0142<\/strong><\/p>\n<p><strong>8. Wariacja serowa<\/strong> &#8211; sos pomidorowy, ser, ser feta, ser camembert, oregano <strong>| MA\u0141A: 30 z\u0142 DU\u017bA: 52 z\u0142<\/strong><\/p>\n<p><strong>9. Bolzano<\/strong> &#8211; sos pomidorowy, ser, pieczarki, szynka, pomidor, cebula, oregano <strong>| MA\u0141A: 31 z\u0142 DU\u017bA: 54 z\u0142<\/strong><\/p>\n<p><strong>10. Peperoni &#8211; ostra<\/strong> &#8211; sos pomidorowy, ser, pieczarki, salami, papryka jalapeno, oliwki, oregano <strong>| MA\u0141A: 31 z\u0142 DU\u017bA: 54 z\u0142<\/strong><\/p>\n<p><strong>11. Wiejska<\/strong> &#8211; sos pomidorowy, ser, boczek, kie\u0142basa, cebula, jajko gotowane, oregano <strong>| MA\u0141A: 32 z\u0142 DU\u017bA: 56 z\u0142<\/strong><\/p>\n<p><strong>12. Cammasutra<\/strong> &#8211; sos pomidorowy, ser, pieczarki, salami, kukurydza, papryka, cebula, oregano <strong>| MA\u0141A: 33 z\u0142 DU\u017bA: 58 z\u0142<\/strong><\/p>\n<p><strong>13. Wegetaria\u0144ska<\/strong> &#8211; sos pomidorowy, ser, pieczarki, pomidor, kukurydza, papryka, broku\u0142y, oregano <strong>| MA\u0141A: 35 z\u0142 DU\u017bA: 53 z\u0142<\/strong><\/p>\n<p><strong>14. MammaMia<\/strong> &#8211; sos pomidorowy, ser, ser camembert, suszone pomidory, pestki dyni, kurczak grillowany, oregano, rukola <strong>| MA\u0141A: 38 z\u0142 DU\u017bA: 64 z\u0142<\/strong><\/p>\n<p><strong>15. Pasterska<\/strong> &#8211; sos pomidorowy, ser, ser g\u00f3rski typu oscypek, pomidorki koktajlowe, \u017curawina, oregano <strong>| MA\u0141A: 33 z\u0142 DU\u017bA: 56 z\u0142<\/strong><\/p>\n<p><strong>16. Nova<\/strong> &#8211; sos pomidorowy, ser, \u015bwie\u017ca cukinia, plastry czosnku, serek mascarpone, kurczak, oregano <strong>| MA\u0141A: 40 z\u0142 DU\u017bA: 66 z\u0142<\/strong><\/p>\n<p><strong>17. Kr\u00f3lewska<\/strong> &#8211; sos pomidorowy, ser, pieczarki, szynka, salami, boczek, papryka, oregano <strong>| MA\u0141A: 35 z\u0142 DU\u017bA: 62 z\u0142<\/strong><\/p>\n<p><strong>18. Tu\u0144czyk<\/strong> &#8211; sos pomidorowy, ser, tunczyk, jajko, cebula, oliwki, oregano <strong>| MA\u0141A: 33 z\u0142 DU\u017bA: 58 z\u0142<\/strong>[\/vc_column_text][vc_column_text]<strong>Sosy na wynos &#8211; czosnkowy, pietruszka z oliw\u0105, pikantny (pomidorowo-paprykowy) 80 ml:<\/strong>\u00a02 z\u0142<\/p>\n<p><strong>Pizza p\u00f3\u0142 na p\u00f3\u0142:<\/strong> dop\u0142ata 5 z\u0142[\/vc_column_text][vc_column_text]<strong>DODATKI DO PIZZY:<\/strong><\/p>\n<p><strong>1.<\/strong> kukurydza, pieczarki, papryka, cebula, pomidor, broku\u0142y, og\u00f3rek kiszony szpinak, jajko, papryka jalapeno, oliwki, ananas <strong>| MA\u0141A: 3 z\u0142 DU\u017bA: 6 z\u0142<\/strong><\/p>\n<p><strong>2.<\/strong> szynka, salami, boczek, tu\u0144czyk, gyros, suszony pomidor, rukola, \u017cruawina, pestki dyni <strong>| MA\u0141A: 4 z\u0142 DU\u017bA: 8 z\u0142<\/strong><\/p>\n<p><strong>3.<\/strong> ser, kurczak grillowany, serek g\u00f3rski typu oscypek, kabanosy, szynka prosciutto, mascarpone, cukinia <strong>| MA\u0141A: 4 z\u0142 DU\u017bA: 8 z\u0142<\/strong>[\/vc_column_text][\/vc_column][\/vc_row][vc_row][vc_column][vc_empty_space height=&#8221;80px&#8221;][\/vc_column][\/vc_row][vc_row][vc_column][vc_text_separator title=&#8221;Menu zapiekanki&#8221; title_align=&#8221;separator_align_left&#8221; align=&#8221;align_left&#8221;][\/vc_column][\/vc_row][vc_row][vc_column][vc_single_image image=&#8221;1263&#8243; img_size=&#8221;full&#8221; alignment=&#8221;center&#8221;][vc_btn title=&#8221;POBIERZ MENU ZAPIEKANKI&#8221; color=&#8221;danger&#8221; link=&#8221;url:http%3A%2F%2Fpizzeria-milicz.pl%2Fwp-content%2Fuploads%2F2024%2F05%2Fmenu_zapiekanki_2024-scaled.jpg||target:%20_blank|&#8221;][\/vc_column][\/vc_row][vc_row][vc_column][vc_column_text]<strong>1. Tradycyjna<\/strong> &#8211; sos, ser, pieczarki <strong>| 15 z\u0142<\/strong><\/p>\n<p><strong>2. Wegetaria\u0144ska<\/strong> &#8211; sos, ser, papryka, broku\u0142y, kukurydza <strong>| 18 z\u0142<\/strong><\/p>\n<p><strong>3. Serowa<\/strong> &#8211; sos, ser, ser camembert, ser feta <strong>| 18 z\u0142<\/strong><\/p>\n<p><strong>4. Szynka<\/strong> &#8211; sos, ser, pieczarki, szynka <strong>| 17 z\u0142<\/strong><\/p>\n<p><strong>5. Salami &#8211; ostra<\/strong> &#8211; sos, ser, pieczarki, salami, jalapeno <strong>| 18 z\u0142<\/strong><\/p>\n<p><strong>6. Bekon<\/strong> &#8211; sos, ser, boczek, pomidor, cebula <strong>| 18 z\u0142<\/strong><\/p>\n<p><strong>7. Kurczak<\/strong> -sos, ser, pieczarki, kurczak, kukurydza <strong>| 19 z\u0142<\/strong><\/p>\n<p><strong>8. Wypas<\/strong> &#8211; sos, ser, pieczarki, salami, boczek, kie\u0142basa <strong>| 21 z\u0142<\/strong><\/p>\n<p><strong>9. W\u0142oska<\/strong> &#8211; sos, ser, suszone pomidory, bia\u0142a mozarella, szynka parme\u0144ska, rukola <strong>| 21 z\u0142<\/strong><\/p>\n<p><strong>10. Szpinakowa<\/strong> &#8211; sos, ser, szpinak, feta <strong>| 18 z\u0142<\/strong>[\/vc_column_text][vc_column_text]<strong>DO KA\u017bDEJ ZAPIEKANKI SOS DO WYBORU GRATIS!<br \/>\n<\/strong>ketchup, majonez, czosnek, 1000 wysp, ameryka\u0144ski ostry<\/p>\n<p><strong>POSYPKI:<\/strong> rukola, pra\u017cona cebula <strong>| 1 z\u0142<\/strong>[\/vc_column_text][\/vc_column][\/vc_row][vc_row][vc_column][vc_empty_space height=&#8221;80px&#8221;][\/vc_column][\/vc_row][vc_row][vc_column][vc_text_separator title=&#8221;Menu kebab kraftowy (ilo\u015b\u0107 limitowana, dost\u0119pny nie w ka\u017cdy dzie\u0144)&#8221; title_align=&#8221;separator_align_left&#8221; align=&#8221;align_left&#8221;][\/vc_column][\/vc_row][vc_row][vc_column][vc_single_image image=&#8221;1344&#8243; img_size=&#8221;full&#8221; alignment=&#8221;center&#8221;][vc_btn title=&#8221;POBIERZ MENU KEBAB&#8221; color=&#8221;danger&#8221; link=&#8221;url:http%3A%2F%2Fpizzeria-milicz.pl%2Fwp-content%2Fuploads%2F2024%2F05%2Fmenu_kebab_2024_pizzeria_verona.jpg||target:%20_blank|&#8221;][\/vc_column][\/vc_row][vc_row][vc_column][vc_column_text]<strong>DO WYBORU:<\/strong> KARK\u00d3WKA LUB KURCZAK<\/p>\n<p><strong>1. Rollo (pita)<\/strong> &#8211; mi\u0119so 200 gr + warzywa <strong>| 30 z\u0142<\/strong><\/p>\n<p><strong>2. Ma\u0142a bu\u0142a<\/strong> &#8211; mi\u0119so 200 gr + warzywa <strong>| 30 z\u0142<\/strong><\/p>\n<p><strong>3. Gigant bu\u0142a<\/strong> &#8211; mi\u0119so 400 gr + warzywa <strong>| 45 z\u0142<\/strong>[\/vc_column_text][vc_column_text]<strong>SOSY W\u0141ASNEJ PRODUKCJI:<\/strong><br \/>\n\u0142agodny, czosnkowy, pikantny<\/p>\n<p><strong> DODATKI:<\/strong><br \/>\n<strong>1.<\/strong> feta &#8211; 4 z\u0142<br \/>\n<strong>2.<\/strong> jalapneo &#8211; 3 z\u0142<br \/>\n<strong>3.<\/strong> ser cheddar &#8211; 4 z\u0142<\/p>\n<p><strong>Warzywa w kebabie:<\/strong><br \/>\n&#8211; sa\u0142ata lodowa<br \/>\n&#8211; pomidor<br \/>\n&#8211; \u015bwie\u017cy og\u00f3rek<br \/>\n&#8211; czerwona cebula[\/vc_column_text][\/vc_column][\/vc_row][vc_row][vc_column][vc_column_text]<b>Dow\u00f3z p\u0142atny w zale\u017cno\u015bci od zam\u00f3wienia<\/b>[\/vc_column_text][\/vc_column][\/vc_row]<\/p>\n<\/div>","protected":false},"excerpt":{"rendered":"<p>W naszym menu znajdziecie 18 rodzaj\u00f3w pizzy oraz 10 rodzaj\u00f3w chrupi\u0105cych zapiekanek z pieca, a tak\u017ce nowo\u015b\u0107 &#8211; Kebab Kraftowy!<\/p>\n","protected":false},"author":2,"featured_media":0,"parent":0,"menu_order":0,"comment_status":"closed","ping_status":"closed","template":"templates\/full-width-page.php","meta":{"footnotes":""},"class_list":["post-1202","page","type-page","status-publish","hentry"],"_links":{"self":[{"href":"https:\/\/pizzeria-milicz.pl\/index.php\/wp-json\/wp\/v2\/pages\/1202","targetHints":{"allow":["GET"]}}],"collection":[{"href":"https:\/\/pizzeria-milicz.pl\/index.php\/wp-json\/wp\/v2\/pages"}],"about":[{"href":"https:\/\/pizzeria-milicz.pl\/index.php\/wp-json\/wp\/v2\/types\/page"}],"author":[{"embeddable":true,"href":"https:\/\/pizzeria-milicz.pl\/index.php\/wp-json\/wp\/v2\/users\/2"}],"replies":[{"embeddable":true,"href":"https:\/\/pizzeria-milicz.pl\/index.php\/wp-json\/wp\/v2\/comments?post=1202"}],"version-history":[{"count":47,"href":"https:\/\/pizzeria-milicz.pl\/index.php\/wp-json\/wp\/v2\/pages\/1202\/revisions"}],"predecessor-version":[{"id":1355,"href":"https:\/\/pizzeria-milicz.pl\/index.php\/wp-json\/wp\/v2\/pages\/1202\/revisions\/1355"}],"wp:attachment":[{"href":"https:\/\/pizzeria-milicz.pl\/index.php\/wp-json\/wp\/v2\/media?parent=1202"}],"curies":[{"name":"wp","href":"https:\/\/api.w.org\/{rel}","templated":true}]}}